{"id":5683,"date":"2021-02-11T16:32:40","date_gmt":"2021-02-11T15:32:40","guid":{"rendered":"https:\/\/jannomed.eu\/test2023\/?page_id=5683"},"modified":"2021-02-12T11:24:39","modified_gmt":"2021-02-12T10:24:39","slug":"jannomed","status":"publish","type":"page","link":"https:\/\/www.jannomed.eu\/cn\/jannomed\/","title":{"rendered":"Jannomed &#8211; CN"},"content":{"rendered":"<p>[et_pb_section fb_built=&#8221;1&#8243; admin_label=&#8221;section&#8221; _builder_version=&#8221;3.22&#8243;][et_pb_row admin_label=&#8221;row&#8221; _builder_version=&#8221;3.25&#8243; background_size=&#8221;initial&#8221; background_position=&#8221;top_left&#8221; background_repeat=&#8221;repeat&#8221;][et_pb_column type=&#8221;4_4&#8243; _builder_version=&#8221;3.25&#8243; custom_padding=&#8221;|||&#8221; custom_padding__hover=&#8221;|||&#8221;][et_pb_image src=&#8221;https:\/\/jannomed.eu\/test2023\/wp-content\/uploads\/Jannomed-BluetenSlogan.jpg&#8221; align_tablet=&#8221;center&#8221; align_last_edited=&#8221;on|desktop&#8221; admin_label=&#8221;Bild: Logo, Bl\u00fcten, Slogan&#8221; _builder_version=&#8221;3.23&#8243; animation=&#8221;off&#8221; sticky=&#8221;off&#8221; use_border_color=&#8221;off&#8221; border_color=&#8221;#ffffff&#8221; border_style=&#8221;solid&#8221; always_center_on_mobile=&#8221;on&#8221;] [\/et_pb_image][\/et_pb_column][\/et_pb_row][et_pb_row admin_label=&#8221;row&#8221; _builder_version=&#8221;3.25&#8243; background_size=&#8221;initial&#8221; background_position=&#8221;top_left&#8221; background_repeat=&#8221;repeat&#8221;][et_pb_column type=&#8221;4_4&#8243; _builder_version=&#8221;3.25&#8243; custom_padding=&#8221;|||&#8221; custom_padding__hover=&#8221;|||&#8221;][et_pb_text admin_label=&#8221;Text &#8211; jannomed &#8221; _builder_version=&#8221;3.27.4&#8243; background_size=&#8221;initial&#8221; background_position=&#8221;top_left&#8221; background_repeat=&#8221;repeat&#8221; use_border_color=&#8221;off&#8221; border_color=&#8221;#ffffff&#8221; border_style=&#8221;solid&#8221;]<\/p>\n<p>Jannomed<span>\u7cfb\u5217\u7684\u5f00\u53d1\u5b8c\u5168\u662f\u4e3a\u4e86\u7ed9\u4f60\u7d27\u5f20\u7684\u808c\u80a4\u8865\u5145\u6240\u7f3a\u4e4f\u7684\u8102\u8d28\u548c\u6c34\u5206\uff0c\u51cf\u5c11\u7ecf\u5e38\u6027\u7684\u75db\u82e6\u7619\u75d2\uff0c\u8ba9\u5e72\u71e5\u7684\u808c\u80a4\u90e8\u4f4d\u91cd\u65b0\u53d8\u5f97\u5149\u6ed1\u67d4\u5ae9\u3002<\/span><\/p>\n<p>\u6211\u4eec\u5c06\u9ad8\u54c1\u8d28\u7684\u5929\u7136\u6cb9\u548c\u6d3b\u6027\u6210\u5206\u590d\u5408\u7269\u4e0e\u4fdd\u6e7f\u6210\u5206\u76f8\u7ed3\u5408\u3002\u6b64\u5916\uff0c\u6297\u83cc\u6d3b\u6027\u6210\u5206\u786e\u4fdd\u76ae\u80a4\u83cc\u7fa4\u4fdd\u6301\u5e73\u8861\u3002\u5bc6\u96c6\u62a4\u7406\u4ea7\u54c1\u8fd8\u542b\u6709\u5fae\u94f6\u548cCeraparts Omega 6<span>\uff0c\u5b83\u5c31\u50cf\u76ae\u80a4\u4e0a\u7684\u900f\u6c14\u4fdd\u62a4\u5c4f\uff0c\u4f7f\u8fc7\u654f\u539f\u548c\u75c5\u83cc\u7b49\u5916\u754c\u5f71\u54cd\u96be\u4ee5\u6e17\u900f\u3002<\/span><\/p>\n<table>\n<tbody>\n<tr>\n<td width=\"476\">\n<p>\u7531\u4e8e\u795e\u7ecf\u6027\u76ae\u708e\u7684\u76ae\u80a4\u4f1a\u4ea7\u751f\u975e\u5e38\u654f\u611f\u7684\u53cd\u5e94\uff0c\u6211\u4eec\u7279\u610f\u907f\u514d\u5728\u6240\u6709Jannomed<span>\u4ea7\u54c1\u4e2d\u4f7f\u7528\u5bf9\u7f9f\u57fa\u82ef\u7532\u9178\u916f\u3001\u77ff\u7269\u6cb9\u3001\u9999\u6599\u3001\u7845\u916e\u548c<\/span>PEGs<span>\u3002\u5bf9\u7f9f\u57fa\u82ef\u7532\u9178\u916f\u3001\u77ff\u7269\u6cb9\u3001\u9999\u6599\u3001\u67d3\u6599\u3001\u7845\u916e\u548c<\/span>PEGs<span>\u3002<\/span><\/p>\n<\/td>\n<\/tr>\n<\/tbody>\n<\/table>\n<p><strong>\u6240\u6709Jannomed<span>\u4ea7\u54c1\u5728\u76ae\u80a4\u5b66\u7814\u7a76\u4e2d\u90fd\u663e\u793a\u51fa\u4e86\u5353\u8d8a\u7684\u7597\u6548\u548c\u8010\u53d7\u6027\u3002<\/span><\/strong><\/p>\n<p>[\/et_pb_text][\/et_pb_column][\/et_pb_row][\/et_pb_section]<\/p>\n","protected":false},"excerpt":{"rendered":"<p>Jannomed\u7cfb\u5217\u7684\u5f00\u53d1\u5b8c\u5168\u662f\u4e3a\u4e86\u7ed9\u4f60\u7d27\u5f20\u7684\u808c\u80a4\u8865\u5145\u6240\u7f3a\u4e4f\u7684\u8102\u8d28\u548c\u6c34\u5206\uff0c\u51cf\u5c11\u7ecf\u5e38\u6027\u7684\u75db\u82e6\u7619\u75d2\uff0c\u8ba9\u5e72\u71e5\u7684\u808c\u80a4\u90e8 [&hellip;]<\/p>\n","protected":false},"author":100080,"featured_media":0,"parent":0,"menu_order":6,"comment_status":"closed","ping_status":"closed","template":"","meta":{"_acf_changed":false,"_et_pb_use_builder":"on","_et_pb_old_content":"[et_pb_section admin_label=\"section\"][et_pb_row admin_label=\"row\"][et_pb_column type=\"4_4\"][et_pb_image admin_label=\"Bild: Logo, Bl\u00fcten, Slogan\" src=\"https:\/\/jannomed.eu\/test2023\/wp-content\/uploads\/Jannomed-BluetenSlogan.jpg\" show_in_lightbox=\"off\" url_new_window=\"off\" use_overlay=\"off\" animation=\"off\" sticky=\"off\" align=\"left\" force_fullwidth=\"off\" always_center_on_mobile=\"on\" use_border_color=\"off\" border_color=\"#ffffff\" border_style=\"solid\"] [\/et_pb_image][\/et_pb_column][\/et_pb_row][et_pb_row admin_label=\"row\"][et_pb_column type=\"4_4\"][et_pb_text admin_label=\"Text - jannomed \" background_layout=\"light\" text_orientation=\"left\" use_border_color=\"off\" border_color=\"#ffffff\" border_style=\"solid\"]\n\nDie Entwicklung der Jannomed Serie ist ganz darauf ausgelegt Ihrer gestressten Haut fehlende Lipide und Feuchtigkeit zur\u00fcckzugeben, um den oftmals qu\u00e4lenden Juckreiz zu mindern, und die trockenen Hautbereiche wieder glatt und geschmeidig zu machen.\nDazu haben wir hochwertige nat\u00fcrliche \u00d6le und Wirkstoffkomplexe mit feuchtigkeitsspendenden Komponenten kombiniert. Zus\u00e4tzlich sorgen antimikrobielle Wirkstoffe daf\u00fcr das die Hautflora im Gleichgewicht bleibt. Die Intensivpflegeprodukte enthalten zus\u00e4tzlich Mikrosilber sowie Ceraparts Omega 6, welches sich wie ein atmungsaktiver Schutzschirm \u00fcber Ihre Haut legt und\n\u00e4u\u00dferen Einfl\u00fcssen wie Allergenen und Keimen das Eindringen erschwert.\n\n<strong>Da die Neurodermitishaut sehr empfindlich reagiert, verzichten wir bei allen Jannomed-Produkten bewusst auf: Parabene, Minera\u00f6le, Duftstoffe, Farbstoffe, Silicone und PEG\u2018s.<\/strong>\n<strong>Alle Jannomed-Produkte haben in dermatologischen Studien hervorragende Wirksamkeit und Vertr\u00e4glichkeit gezeigt.<\/strong>\n\n[\/et_pb_text][\/et_pb_column][\/et_pb_row][\/et_pb_section]","_et_gb_content_width":"","footnotes":""},"class_list":["post-5683","page","type-page","status-publish","hentry"],"acf":[],"yoast_head":"<!-- This site is optimized with the Yoast SEO plugin v27.4 - https:\/\/yoast.com\/product\/yoast-seo-wordpress\/ -->\n<title>Jannomed - CN &#183; Jannomed.eu<\/title>\n<meta name=\"robots\" content=\"index, follow, max-snippet:-1, max-image-preview:large, max-video-preview:-1\" \/>\n<link rel=\"canonical\" href=\"https:\/\/www.jannomed.eu\/cn\/jannomed\/\" \/>\n<meta property=\"og:locale\" content=\"zh_CN\" \/>\n<meta property=\"og:type\" content=\"article\" \/>\n<meta property=\"og:title\" content=\"Jannomed - CN &#183; Jannomed.eu\" \/>\n<meta property=\"og:url\" content=\"https:\/\/www.jannomed.eu\/cn\/jannomed\/\" \/>\n<meta property=\"og:site_name\" content=\"Jannomed.eu\" \/>\n<meta property=\"article:modified_time\" content=\"2021-02-12T10:24:39+00:00\" \/>\n<meta name=\"twitter:card\" content=\"summary_large_image\" \/>\n<meta name=\"twitter:label1\" content=\"\u9884\u8ba1\u9605\u8bfb\u65f6\u95f4\" \/>\n\t<meta name=\"twitter:data1\" content=\"1 \u5206\" \/>\n<script type=\"application\/ld+json\" class=\"yoast-schema-graph\">{\"@context\":\"https:\\\/\\\/schema.org\",\"@graph\":[{\"@type\":\"WebPage\",\"@id\":\"https:\\\/\\\/www.jannomed.eu\\\/cn\\\/jannomed\\\/\",\"url\":\"https:\\\/\\\/www.jannomed.eu\\\/cn\\\/jannomed\\\/\",\"name\":\"Jannomed - CN &#183; Jannomed.eu\",\"isPartOf\":{\"@id\":\"https:\\\/\\\/www.jannomed.eu\\\/cn\\\/#website\"},\"datePublished\":\"2021-02-11T15:32:40+00:00\",\"dateModified\":\"2021-02-12T10:24:39+00:00\",\"breadcrumb\":{\"@id\":\"https:\\\/\\\/www.jannomed.eu\\\/cn\\\/jannomed\\\/#breadcrumb\"},\"inLanguage\":\"zh-Hans\",\"potentialAction\":[{\"@type\":\"ReadAction\",\"target\":[\"https:\\\/\\\/www.jannomed.eu\\\/cn\\\/jannomed\\\/\"]}]},{\"@type\":\"BreadcrumbList\",\"@id\":\"https:\\\/\\\/www.jannomed.eu\\\/cn\\\/jannomed\\\/#breadcrumb\",\"itemListElement\":[{\"@type\":\"ListItem\",\"position\":1,\"name\":\"Startseite\",\"item\":\"https:\\\/\\\/www.jannomed.eu\\\/cn\\\/\"},{\"@type\":\"ListItem\",\"position\":2,\"name\":\"Jannomed &#8211; CN\"}]},{\"@type\":\"WebSite\",\"@id\":\"https:\\\/\\\/www.jannomed.eu\\\/cn\\\/#website\",\"url\":\"https:\\\/\\\/www.jannomed.eu\\\/cn\\\/\",\"name\":\"Jannomed.eu\",\"description\":\"\",\"publisher\":{\"@id\":\"https:\\\/\\\/www.jannomed.eu\\\/cn\\\/#organization\"},\"potentialAction\":[{\"@type\":\"SearchAction\",\"target\":{\"@type\":\"EntryPoint\",\"urlTemplate\":\"https:\\\/\\\/www.jannomed.eu\\\/cn\\\/?s={search_term_string}\"},\"query-input\":{\"@type\":\"PropertyValueSpecification\",\"valueRequired\":true,\"valueName\":\"search_term_string\"}}],\"inLanguage\":\"zh-Hans\"},{\"@type\":\"Organization\",\"@id\":\"https:\\\/\\\/www.jannomed.eu\\\/cn\\\/#organization\",\"name\":\"Jannomed\",\"url\":\"https:\\\/\\\/www.jannomed.eu\\\/cn\\\/\",\"logo\":{\"@type\":\"ImageObject\",\"inLanguage\":\"zh-Hans\",\"@id\":\"https:\\\/\\\/www.jannomed.eu\\\/cn\\\/#\\\/schema\\\/logo\\\/image\\\/\",\"url\":\"https:\\\/\\\/jannomed.eu\\\/test2023\\\/wp-content\\\/uploads\\\/Janno-med-Logo.png\",\"contentUrl\":\"https:\\\/\\\/jannomed.eu\\\/test2023\\\/wp-content\\\/uploads\\\/Janno-med-Logo.png\",\"width\":1196,\"height\":765,\"caption\":\"Jannomed\"},\"image\":{\"@id\":\"https:\\\/\\\/www.jannomed.eu\\\/cn\\\/#\\\/schema\\\/logo\\\/image\\\/\"}}]}<\/script>\n<!-- \/ Yoast SEO plugin. -->","yoast_head_json":{"title":"Jannomed - CN &#183; Jannomed.eu","robots":{"index":"index","follow":"follow","max-snippet":"max-snippet:-1","max-image-preview":"max-image-preview:large","max-video-preview":"max-video-preview:-1"},"canonical":"https:\/\/www.jannomed.eu\/cn\/jannomed\/","og_locale":"zh_CN","og_type":"article","og_title":"Jannomed - CN &#183; Jannomed.eu","og_url":"https:\/\/www.jannomed.eu\/cn\/jannomed\/","og_site_name":"Jannomed.eu","article_modified_time":"2021-02-12T10:24:39+00:00","twitter_card":"summary_large_image","twitter_misc":{"\u9884\u8ba1\u9605\u8bfb\u65f6\u95f4":"1 \u5206"},"schema":{"@context":"https:\/\/schema.org","@graph":[{"@type":"WebPage","@id":"https:\/\/www.jannomed.eu\/cn\/jannomed\/","url":"https:\/\/www.jannomed.eu\/cn\/jannomed\/","name":"Jannomed - CN &#183; Jannomed.eu","isPartOf":{"@id":"https:\/\/www.jannomed.eu\/cn\/#website"},"datePublished":"2021-02-11T15:32:40+00:00","dateModified":"2021-02-12T10:24:39+00:00","breadcrumb":{"@id":"https:\/\/www.jannomed.eu\/cn\/jannomed\/#breadcrumb"},"inLanguage":"zh-Hans","potentialAction":[{"@type":"ReadAction","target":["https:\/\/www.jannomed.eu\/cn\/jannomed\/"]}]},{"@type":"BreadcrumbList","@id":"https:\/\/www.jannomed.eu\/cn\/jannomed\/#breadcrumb","itemListElement":[{"@type":"ListItem","position":1,"name":"Startseite","item":"https:\/\/www.jannomed.eu\/cn\/"},{"@type":"ListItem","position":2,"name":"Jannomed &#8211; CN"}]},{"@type":"WebSite","@id":"https:\/\/www.jannomed.eu\/cn\/#website","url":"https:\/\/www.jannomed.eu\/cn\/","name":"Jannomed.eu","description":"","publisher":{"@id":"https:\/\/www.jannomed.eu\/cn\/#organization"},"potentialAction":[{"@type":"SearchAction","target":{"@type":"EntryPoint","urlTemplate":"https:\/\/www.jannomed.eu\/cn\/?s={search_term_string}"},"query-input":{"@type":"PropertyValueSpecification","valueRequired":true,"valueName":"search_term_string"}}],"inLanguage":"zh-Hans"},{"@type":"Organization","@id":"https:\/\/www.jannomed.eu\/cn\/#organization","name":"Jannomed","url":"https:\/\/www.jannomed.eu\/cn\/","logo":{"@type":"ImageObject","inLanguage":"zh-Hans","@id":"https:\/\/www.jannomed.eu\/cn\/#\/schema\/logo\/image\/","url":"https:\/\/jannomed.eu\/test2023\/wp-content\/uploads\/Janno-med-Logo.png","contentUrl":"https:\/\/jannomed.eu\/test2023\/wp-content\/uploads\/Janno-med-Logo.png","width":1196,"height":765,"caption":"Jannomed"},"image":{"@id":"https:\/\/www.jannomed.eu\/cn\/#\/schema\/logo\/image\/"}}]}},"_links":{"self":[{"href":"https:\/\/www.jannomed.eu\/cn\/wp-json\/wp\/v2\/pages\/5683","targetHints":{"allow":["GET"]}}],"collection":[{"href":"https:\/\/www.jannomed.eu\/cn\/wp-json\/wp\/v2\/pages"}],"about":[{"href":"https:\/\/www.jannomed.eu\/cn\/wp-json\/wp\/v2\/types\/page"}],"author":[{"embeddable":true,"href":"https:\/\/www.jannomed.eu\/cn\/wp-json\/wp\/v2\/users\/100080"}],"replies":[{"embeddable":true,"href":"https:\/\/www.jannomed.eu\/cn\/wp-json\/wp\/v2\/comments?post=5683"}],"version-history":[{"count":0,"href":"https:\/\/www.jannomed.eu\/cn\/wp-json\/wp\/v2\/pages\/5683\/revisions"}],"wp:attachment":[{"href":"https:\/\/www.jannomed.eu\/cn\/wp-json\/wp\/v2\/media?parent=5683"}],"curies":[{"name":"wp","href":"https:\/\/api.w.org\/{rel}","templated":true}]}}